{"id":26,"date":"2018-06-18T12:35:33","date_gmt":"2018-06-18T12:35:33","guid":{"rendered":"http:\/\/www.alhaurinvistagolf.com\/?page_id=26"},"modified":"2024-02-01T12:08:38","modified_gmt":"2024-02-01T12:08:38","slug":"het-complex","status":"publish","type":"page","link":"https:\/\/higueronvalley.com\/fr\/le-complexe\/","title":{"rendered":"Le complexe"},"content":{"rendered":"<div  class=\"content_row row vc_row wpb_row  default-style fullwidth\" >\n\t\n\t<div class=\"content_row_wrapper  default\" >\n\t<div id=\"asdasd\" class=\"vc_col-sm-12 wpb_column vc_column_container\" >\n\t<div class=\"vc_column-inner\">\n\t\t<div class=\"wpb_wrapper\" >\n\t\t\t<div class=\"wpb_revslider_element wpb_content_element\">\n<div id=\"rev_slider_6_1_wrapper\" class=\"rev_slider_wrapper fullwidthbanner-container\" data-source=\"gallery\" style=\"margin:0px auto;background:transparent;padding:0px;margin-top:0px;margin-bottom:0px;\">\n<!-- START REVOLUTION SLIDER 5.4.7.3 fullwidth mode -->\n\t<div id=\"rev_slider_6_1\" class=\"rev_slider fullwidthabanner\" style=\"display:none;\" data-version=\"5.4.7.3\">\n<ul>\t<!-- SLIDE  -->\n\t<li data-index=\"rs-8\" data-transition=\"fade\" data-slotamount=\"default\" data-hideafterloop=\"0\" data-hideslideonmobile=\"off\"  data-easein=\"default\" data-easeout=\"default\" data-masterspeed=\"300\"  data-rotate=\"0\"  data-saveperformance=\"off\"  data-ssop=\"true\"  data-title=\"Slide\" data-param1=\"\" data-param2=\"\" data-param3=\"\" data-param4=\"\" data-param5=\"\" data-param6=\"\" data-param7=\"\" data-param8=\"\" data-param9=\"\" data-param10=\"\" data-description=\"\">\n\t\t<!-- MAIN IMAGE -->\n\t\t<img decoding=\"async\" src=\"https:\/\/higueronvalley.com\/wp-content\/plugins\/revslider\/admin\/assets\/images\/transparent.png\"  alt=\"\" title=\"Le complexe\"  data-bgposition=\"center center\" data-bgfit=\"cover\" data-bgrepeat=\"no-repeat\" class=\"rev-slidebg\" data-no-retina>\n\t\t<!-- LAYERS -->\n\n\t\t<!-- LAYER NR. 1 -->\n\t\t<div class=\"tp-caption   tp-resizeme\" \n\t\t\t id=\"slide-8-layer-13\" \n\t\t\t data-x=\"-102\" \n\t\t\t data-y=\"2\" \n\t\t\t\t\t\tdata-width=\"['none','none','none','none']\"\n\t\t\tdata-height=\"['none','none','none','none']\"\n \n\t\t\tdata-type=\"image\" \n\t\t\tdata-responsive_offset=\"on\" \n\n\t\t\tdata-frames='[{\"delay\":0,\"speed\":300,\"frame\":\"0\",\"from\":\"opacity:0;\",\"to\":\"o:1;\",\"ease\":\"Power3.easeInOut\"},{\"delay\":\"wait\",\"speed\":300,\"frame\":\"999\",\"to\":\"opacity:0;\",\"ease\":\"Power3.easeInOut\"}]'\n\t\t\tdata-textalign=\"['inherit','inherit','inherit','inherit']\"\n\t\t\tdata-paddingtop=\"[0,0,0,0]\"\n\t\t\tdata-paddingright=\"[0,0,0,0]\"\n\t\t\tdata-paddingbottom=\"[0,0,0,0]\"\n\t\t\tdata-paddingleft=\"[0,0,0,0]\"\n\n\t\t\tstyle=\"z-index: 6;\"><img loading=\"lazy\" decoding=\"async\" src=\"https:\/\/higueronvalley.com\/wp-content\/uploads\/2021\/12\/header_locatie.jpg\" alt=\"\" data-ww=\"1447px\" data-hh=\"466px\" width=\"1447\" height=\"466\" data-no-retina> <\/div>\n\t<\/li>\n<\/ul>\n<div class=\"tp-bannertimer tp-bottom\" style=\"visibility: hidden !important;\"><\/div>\t<\/div>\n<script>var htmlDiv = document.getElementById(\"rs-plugin-settings-inline-css\"); var htmlDivCss=\"\";\r\n\t\t\t\tif(htmlDiv) {\r\n\t\t\t\t\thtmlDiv.innerHTML = htmlDiv.innerHTML + htmlDivCss;\r\n\t\t\t\t}else{\r\n\t\t\t\t\tvar htmlDiv = document.createElement(\"div\");\r\n\t\t\t\t\thtmlDiv.innerHTML = \"<style>\" + htmlDivCss + \"<\/style>\";\r\n\t\t\t\t\tdocument.getElementsByTagName(\"head\")[0].appendChild(htmlDiv.childNodes[0]);\r\n\t\t\t\t}\r\n\t\t\t<\/script>\n\t\t<script type=\"text\/javascript\">\r\nif (setREVStartSize!==undefined) setREVStartSize(\r\n\t{c: '#rev_slider_6_1', gridwidth: [1240], gridheight: [464], sliderLayout: 'fullwidth'});\r\n\t\t\t\r\nvar revapi6,\r\n\ttpj;\t\r\n(function() {\t\t\t\r\n\tif (!\/loaded|interactive|complete\/.test(document.readyState)) document.addEventListener(\"DOMContentLoaded\",onLoad); else onLoad();\t\r\n\tfunction onLoad() {\t\t\t\t\r\n\t\tif (tpj===undefined) { tpj = jQuery; if(\"off\" == \"on\") tpj.noConflict();}\r\n\tif(tpj(\"#rev_slider_6_1\").revolution == undefined){\n\t\trevslider_showDoubleJqueryError(\"#rev_slider_6_1\");\n\t}else{\n\t\trevapi6 = tpj(\"#rev_slider_6_1\").show().revolution({\n\t\t\tsliderType:\"standard\",\n\t\t\tjsFileLocation:\"\/\/higueronvalley.com\/wp-content\/plugins\/revslider\/public\/assets\/js\/\",\n\t\t\tsliderLayout:\"fullwidth\",\n\t\t\tdottedOverlay:\"none\",\n\t\t\tdelay:6000,\n\t\t\tnavigation: {\n\t\t\t\tonHoverStop:\"off\",\n\t\t\t},\n\t\t\tvisibilityLevels:[1240,1024,778,480],\n\t\t\tgridwidth:1240,\n\t\t\tgridheight:464,\n\t\t\tlazyType:\"none\",\n\t\t\tshadow:0,\n\t\t\tspinner:\"spinner0\",\n\t\t\tstopLoop:\"off\",\n\t\t\tstopAfterLoops:-1,\n\t\t\tstopAtSlide:-1,\n\t\t\tshuffle:\"off\",\n\t\t\tautoHeight:\"off\",\n\t\t\tdisableProgressBar:\"on\",\n\t\t\thideThumbsOnMobile:\"off\",\n\t\t\thideSliderAtLimit:0,\n\t\t\thideCaptionAtLimit:0,\n\t\t\thideAllCaptionAtLilmit:0,\n\t\t\tdebugMode:false,\n\t\t\tfallbacks: {\n\t\t\t\tsimplifyAll:\"off\",\n\t\t\t\tnextSlideOnWindowFocus:\"off\",\n\t\t\t\tdisableFocusListener:false,\n\t\t\t}\n\t\t});\n\t}; \/* END OF revapi call *\/\n\t\n }; \/* END OF ON LOAD FUNCTION *\/\r\n}()); \/* END OF WRAPPING FUNCTION *\/\r\n<\/script>\r\n\t\t<\/div><!-- END REVOLUTION SLIDER --><\/div>\n\t\t<\/div>\n\t<\/div>\n\t<\/div>\n\n<\/div>\n<\/div>\n\n<div  class=\"content_row row vc_row wpb_row  default-style fullwidth\" >\n\t\n\t<div class=\"content_row_wrapper  default\" >\n\t<div id=\"asdasd\" class=\"vc_col-sm-12 wpb_column vc_column_container\" >\n\t<div class=\"vc_column-inner\">\n\t\t<div class=\"wpb_wrapper\" >\n\t\t\t\n\t<div class=\"wpb_text_column wpb_content_element\" >\n\t\t<div class=\"wpb_wrapper\">\n\t\t\t<h3><strong><em>Vall\u00e9e de Higueron depuis la station de Higueron<\/em><\/strong><\/h3>\n<p style=\"text-align: left;\">Ce magnifique complexe neuf propose des appartements et des penthouses luxueux en bord de mer. Valley Collection at Higuer\u00f3n Resort s&#039;\u00e9tend sur une superficie totale d&#039;environ 74\u00a0703 m\u00b2. Le complexe se compose de plusieurs b\u00e2timents de trois \u00e9tages chacun. Au total, 224 logements seront construits.<br \/>\nIl y aura 141 appartements de deux chambres, 45 appartements de trois chambres et 38 penthouses de trois chambres. Comme pour tout le complexe Higuer\u00f3n Resort, l&#039;accent sera mis sur la verdure et la nature\u00a0; 20\u00a0000\u00a0m\u00b2 d&#039;espaces verts seront cr\u00e9\u00e9s, avec notamment des sentiers p\u00e9destres. Chaque immeuble d&#039;appartements disposera d&#039;un <em>propre piscine \u00e0 d\u00e9bordement<\/em> recevoir. Par d\u00e9faut, toutes les maisons obtiennent <em>deux places de parking et un d\u00e9barras<\/em>. L&#039;emplacement des maisons est tous orient\u00e9 au sud ou au sud-ouest et est plac\u00e9 sur diff\u00e9rentes plates-formes \u00e0 diff\u00e9rentes hauteurs\/niveaux pour garantir une belle vue mer. Profitez d&#039;une vue imprenable sur la mer M\u00e9diterran\u00e9e depuis votre spacieuse terrasse.<br \/>\nLe design ext\u00e9rieur sera architecturalement tr\u00e8s similaire \u00e0 celui du Med One-Two du Higuer\u00f3n Resort. Tecnal pour la menuiserie ext\u00e9rieure, Zampieri pour les cuisines, Duravit, Kaldewai, Hansgrohe, etc.<\/p>\n<p style=\"text-align: left;\">Des modifications de go\u00fbts personnels sont possibles \u00e0 condition de respecter les d\u00e9lais.<\/p>\n<h3><strong>D\u00e9veloppement vert \u2013 Certifi\u00e9 Breeam<\/strong><\/h3>\n<p>Le projet met l&#039;accent sur la durabilit\u00e9 environnementale. Les logements sont certifi\u00e9s BREEAM (Building Research Establishment Environmental Assessment Methodology), garantissant ainsi le respect de tous les crit\u00e8res d&#039;efficacit\u00e9 et de durabilit\u00e9. Tout au long des phases de conception et de construction, tous les efforts ont \u00e9t\u00e9 mis en \u0153uvre pour r\u00e9duire les \u00e9missions de CO2 et l&#039;empreinte \u00e9cologique. Les appartements sont dot\u00e9s de mat\u00e9riaux de la plus haute qualit\u00e9 et des plus durables.<\/p>\n<h5><img loading=\"lazy\" decoding=\"async\" class=\"alignnone wp-image-3291\" src=\"https:\/\/higueronvalley.com\/wp-content\/uploads\/2022\/01\/Logobream-348x314-1-300x271.png\" alt=\"Vall\u00e9e de l&#039;Higueron - Daurade\" width=\"165\" height=\"149\" srcset=\"https:\/\/higueronvalley.com\/wp-content\/uploads\/2022\/01\/Logobream-348x314-1-300x271.png 300w, https:\/\/higueronvalley.com\/wp-content\/uploads\/2022\/01\/Logobream-348x314-1-13x12.png 13w, https:\/\/higueronvalley.com\/wp-content\/uploads\/2022\/01\/Logobream-348x314-1.png 348w\" sizes=\"auto, (max-width: 165px) 100vw, 165px\" \/><\/h5>\n<h3><strong>Tarifs de la vall\u00e9e de Higuer\u00f3n<\/strong><\/h3>\n<p>Tarifs de ce projet :<\/p>\n<ul>\n<li>Appartements de deux chambres d&#039;environ 90 m2 \u2013 \u00e0 partir de 485 000 \u20ac<\/li>\n<li>appartements de trois pi\u00e8ces\/environ 120 m2 \u2013 \u00e0 partir de 690 000 \u20ac<\/li>\n<li>penthouses\/130 m\u00b2 avec trois chambres \u2013 de 1 325 000 \u00e0 1 950 000 euros<\/li>\n<\/ul>\n<p>Les prix varient selon le niveau et la vue. Les premi\u00e8res phases devraient \u00eatre achev\u00e9es d\u00e9but 2024. Veuillez nous contacter pour conna\u00eetre les annonces et les tarifs actuels.<\/p>\n<p>Souhaitez-vous recevoir plus d&#039;informations? N&#039;h\u00e9sitez pas \u00e0 nous contacter.<\/p>\n<p><strong><a href=\"https:\/\/higueronvalley.com\/fr\/plus-dinfos\/\">Inscrivez-vous et recevez tous les d\u00e9tails, disponibilit\u00e9s et prix sur Higuer\u00f3n Valley<\/a><\/strong>.<\/p>\n<p>Vous avez une question pr\u00e9cise ou vous souhaitez prendre rendez-vous ? Appelez Ron de Vries au +34 677 67 04 80<\/p>\n<h3><strong>Offre Total Higuer\u00f3n<\/strong><\/h3>\n<p>Vous souhaitez avoir un aper\u00e7u de l&#039;offre compl\u00e8te d&#039;Higuer\u00f3n\u00a0? Visitez le <a href=\"https:\/\/higueron-estates.com\/\"><strong>Site Web de Higueron Estates &gt;<\/strong><\/a><\/p>\n\n\t\t<\/div>\n\t<\/div>\n<div class=\"vc_btn3-container  photo-button vc_btn3-center\" ><a style=\"background-color:#bbaa85; color:#ffffff;\" class=\"vc_general vc_btn3 vc_btn3-size-lg vc_btn3-shape-square vc_btn3-style-custom\" href=\"https:\/\/higueronvalley.com\/fr\/plus-dinfos\/\" title=\"Plus d&#039;infos\">PLUS D&#039;INFOS<\/a><\/div>\n\t<div class=\"wpb_text_column wpb_content_element\" >\n\t\t<div class=\"wpb_wrapper\">\n\t\t\t\n\t\t<\/div>\n\t<\/div>\n\n\t\t<\/div>\n\t<\/div>\n\t<\/div>\n\n<\/div>\n<\/div>\n\n<div  class=\"content_row row vc_row wpb_row  default-style fullwidth\" >\n\t\n\t<div class=\"content_row_wrapper  default\" >\n\t<div id=\"asdasd\" class=\"vc_col-sm-12 wpb_column vc_column_container\" >\n\t<div class=\"vc_column-inner\">\n\t\t<div class=\"wpb_wrapper\" >\n\t\t\t\n\t<div class=\"wpb_text_column wpb_content_element\" >\n\t\t<div class=\"wpb_wrapper\">\n\t\t\t<p><strong>Autres projets de Higuer\u00f3n :<\/strong><\/p>\n<ul>\n<li style=\"text-align: left;\"><strong><a href=\"http:\/\/lomasdelhigueron.com\" target=\"_blank\" rel=\"noopener\">Les Lomas del Higuer\u00f3n &gt;&gt;&gt;<\/a><\/strong><\/li>\n<li><a href=\"https:\/\/higueronsouth.com\/\" target=\"_blank\" rel=\"noopener\"><strong>Higuer\u00f3n Sud &gt;&gt;&gt;<\/strong><\/a><\/li>\n<li><a href=\"https:\/\/higueron-beach.com\/\" target=\"_blank\" rel=\"noopener\"><strong>Plage de Higuer\u00f3n &gt;&gt;&gt;<\/strong><\/a><\/li>\n<li><a href=\"https:\/\/higueron-aura.com\/\" target=\"_blank\" rel=\"noopener\"><strong>Higuer\u00f3n Aura &gt;&gt;&gt;<\/strong><\/a><\/li>\n<li><a href=\"https:\/\/villas-higueron.com\/\" target=\"_blank\" rel=\"noopener\"><strong>Villas Higuer\u00f3n &gt;&gt;&gt;<\/strong><\/a><\/li>\n<\/ul>\n\n\t\t<\/div>\n\t<\/div>\n\n\t\t<\/div>\n\t<\/div>\n\t<\/div>\n\n<\/div>\n<\/div>","protected":false},"excerpt":{"rendered":"<p>&#8230; <a class=\"more-link\" href=\"https:\/\/higueronvalley.com\/fr\/le-complexe\/\">continuer la lecture<\/a><\/p>","protected":false},"author":1,"featured_media":0,"parent":0,"menu_order":0,"comment_status":"closed","ping_status":"closed","template":"","meta":{"footnotes":""},"class_list":["post-26","page","type-page","status-publish","hentry"],"_links":{"self":[{"href":"https:\/\/higueronvalley.com\/fr\/wp-json\/wp\/v2\/pages\/26","targetHints":{"allow":["GET"]}}],"collection":[{"href":"https:\/\/higueronvalley.com\/fr\/wp-json\/wp\/v2\/pages"}],"about":[{"href":"https:\/\/higueronvalley.com\/fr\/wp-json\/wp\/v2\/types\/page"}],"author":[{"embeddable":true,"href":"https:\/\/higueronvalley.com\/fr\/wp-json\/wp\/v2\/users\/1"}],"replies":[{"embeddable":true,"href":"https:\/\/higueronvalley.com\/fr\/wp-json\/wp\/v2\/comments?post=26"}],"version-history":[{"count":34,"href":"https:\/\/higueronvalley.com\/fr\/wp-json\/wp\/v2\/pages\/26\/revisions"}],"predecessor-version":[{"id":3355,"href":"https:\/\/higueronvalley.com\/fr\/wp-json\/wp\/v2\/pages\/26\/revisions\/3355"}],"wp:attachment":[{"href":"https:\/\/higueronvalley.com\/fr\/wp-json\/wp\/v2\/media?parent=26"}],"curies":[{"name":"wp","href":"https:\/\/api.w.org\/{rel}","templated":true}]}}