{"id":26,"date":"2018-06-18T12:35:33","date_gmt":"2018-06-18T12:35:33","guid":{"rendered":"http:\/\/www.alhaurinvistagolf.com\/?page_id=26"},"modified":"2024-02-01T12:08:38","modified_gmt":"2024-02-01T12:08:38","slug":"het-complex","status":"publish","type":"page","link":"https:\/\/higueronvalley.com\/es\/el-complejo\/","title":{"rendered":"El complejo"},"content":{"rendered":"<div  class=\"content_row row vc_row wpb_row  default-style fullwidth\" >\n\t\n\t<div class=\"content_row_wrapper  default\" >\n\t<div id=\"asdasd\" class=\"vc_col-sm-12 wpb_column vc_column_container\" >\n\t<div class=\"vc_column-inner\">\n\t\t<div class=\"wpb_wrapper\" >\n\t\t\t<div class=\"wpb_revslider_element wpb_content_element\">\n<div id=\"rev_slider_6_1_wrapper\" class=\"rev_slider_wrapper fullwidthbanner-container\" data-source=\"gallery\" style=\"margin:0px auto;background:transparent;padding:0px;margin-top:0px;margin-bottom:0px;\">\n<!-- START REVOLUTION SLIDER 5.4.7.3 fullwidth mode -->\n\t<div id=\"rev_slider_6_1\" class=\"rev_slider fullwidthabanner\" style=\"display:none;\" data-version=\"5.4.7.3\">\n<ul>\t<!-- SLIDE  -->\n\t<li data-index=\"rs-8\" data-transition=\"fade\" data-slotamount=\"default\" data-hideafterloop=\"0\" data-hideslideonmobile=\"off\"  data-easein=\"default\" data-easeout=\"default\" data-masterspeed=\"300\"  data-rotate=\"0\"  data-saveperformance=\"off\"  data-ssop=\"true\"  data-title=\"Slide\" data-param1=\"\" data-param2=\"\" data-param3=\"\" data-param4=\"\" data-param5=\"\" data-param6=\"\" data-param7=\"\" data-param8=\"\" data-param9=\"\" data-param10=\"\" data-description=\"\">\n\t\t<!-- MAIN IMAGE -->\n\t\t<img decoding=\"async\" src=\"https:\/\/higueronvalley.com\/wp-content\/plugins\/revslider\/admin\/assets\/images\/transparent.png\"  alt=\"\" title=\"El complejo\"  data-bgposition=\"center center\" data-bgfit=\"cover\" data-bgrepeat=\"no-repeat\" class=\"rev-slidebg\" data-no-retina>\n\t\t<!-- LAYERS -->\n\n\t\t<!-- LAYER NR. 1 -->\n\t\t<div class=\"tp-caption   tp-resizeme\" \n\t\t\t id=\"slide-8-layer-13\" \n\t\t\t data-x=\"-102\" \n\t\t\t data-y=\"2\" \n\t\t\t\t\t\tdata-width=\"['none','none','none','none']\"\n\t\t\tdata-height=\"['none','none','none','none']\"\n \n\t\t\tdata-type=\"image\" \n\t\t\tdata-responsive_offset=\"on\" \n\n\t\t\tdata-frames='[{\"delay\":0,\"speed\":300,\"frame\":\"0\",\"from\":\"opacity:0;\",\"to\":\"o:1;\",\"ease\":\"Power3.easeInOut\"},{\"delay\":\"wait\",\"speed\":300,\"frame\":\"999\",\"to\":\"opacity:0;\",\"ease\":\"Power3.easeInOut\"}]'\n\t\t\tdata-textalign=\"['inherit','inherit','inherit','inherit']\"\n\t\t\tdata-paddingtop=\"[0,0,0,0]\"\n\t\t\tdata-paddingright=\"[0,0,0,0]\"\n\t\t\tdata-paddingbottom=\"[0,0,0,0]\"\n\t\t\tdata-paddingleft=\"[0,0,0,0]\"\n\n\t\t\tstyle=\"z-index: 6;\"><img loading=\"lazy\" decoding=\"async\" src=\"https:\/\/higueronvalley.com\/wp-content\/uploads\/2021\/12\/header_locatie.jpg\" alt=\"\" data-ww=\"1447px\" data-hh=\"466px\" width=\"1447\" height=\"466\" data-no-retina> <\/div>\n\t<\/li>\n<\/ul>\n<div class=\"tp-bannertimer tp-bottom\" style=\"visibility: hidden !important;\"><\/div>\t<\/div>\n<script>var htmlDiv = document.getElementById(\"rs-plugin-settings-inline-css\"); var htmlDivCss=\"\";\r\n\t\t\t\tif(htmlDiv) {\r\n\t\t\t\t\thtmlDiv.innerHTML = htmlDiv.innerHTML + htmlDivCss;\r\n\t\t\t\t}else{\r\n\t\t\t\t\tvar htmlDiv = document.createElement(\"div\");\r\n\t\t\t\t\thtmlDiv.innerHTML = \"<style>\" + htmlDivCss + \"<\/style>\";\r\n\t\t\t\t\tdocument.getElementsByTagName(\"head\")[0].appendChild(htmlDiv.childNodes[0]);\r\n\t\t\t\t}\r\n\t\t\t<\/script>\n\t\t<script type=\"text\/javascript\">\r\nif (setREVStartSize!==undefined) setREVStartSize(\r\n\t{c: '#rev_slider_6_1', gridwidth: [1240], gridheight: [464], sliderLayout: 'fullwidth'});\r\n\t\t\t\r\nvar revapi6,\r\n\ttpj;\t\r\n(function() {\t\t\t\r\n\tif (!\/loaded|interactive|complete\/.test(document.readyState)) document.addEventListener(\"DOMContentLoaded\",onLoad); else onLoad();\t\r\n\tfunction onLoad() {\t\t\t\t\r\n\t\tif (tpj===undefined) { tpj = jQuery; if(\"off\" == \"on\") tpj.noConflict();}\r\n\tif(tpj(\"#rev_slider_6_1\").revolution == undefined){\n\t\trevslider_showDoubleJqueryError(\"#rev_slider_6_1\");\n\t}else{\n\t\trevapi6 = tpj(\"#rev_slider_6_1\").show().revolution({\n\t\t\tsliderType:\"standard\",\n\t\t\tjsFileLocation:\"\/\/higueronvalley.com\/wp-content\/plugins\/revslider\/public\/assets\/js\/\",\n\t\t\tsliderLayout:\"fullwidth\",\n\t\t\tdottedOverlay:\"none\",\n\t\t\tdelay:6000,\n\t\t\tnavigation: {\n\t\t\t\tonHoverStop:\"off\",\n\t\t\t},\n\t\t\tvisibilityLevels:[1240,1024,778,480],\n\t\t\tgridwidth:1240,\n\t\t\tgridheight:464,\n\t\t\tlazyType:\"none\",\n\t\t\tshadow:0,\n\t\t\tspinner:\"spinner0\",\n\t\t\tstopLoop:\"off\",\n\t\t\tstopAfterLoops:-1,\n\t\t\tstopAtSlide:-1,\n\t\t\tshuffle:\"off\",\n\t\t\tautoHeight:\"off\",\n\t\t\tdisableProgressBar:\"on\",\n\t\t\thideThumbsOnMobile:\"off\",\n\t\t\thideSliderAtLimit:0,\n\t\t\thideCaptionAtLimit:0,\n\t\t\thideAllCaptionAtLilmit:0,\n\t\t\tdebugMode:false,\n\t\t\tfallbacks: {\n\t\t\t\tsimplifyAll:\"off\",\n\t\t\t\tnextSlideOnWindowFocus:\"off\",\n\t\t\t\tdisableFocusListener:false,\n\t\t\t}\n\t\t});\n\t}; \/* END OF revapi call *\/\n\t\n }; \/* END OF ON LOAD FUNCTION *\/\r\n}()); \/* END OF WRAPPING FUNCTION *\/\r\n<\/script>\r\n\t\t<\/div><!-- END REVOLUTION SLIDER --><\/div>\n\t\t<\/div>\n\t<\/div>\n\t<\/div>\n\n<\/div>\n<\/div>\n\n<div  class=\"content_row row vc_row wpb_row  default-style fullwidth\" >\n\t\n\t<div class=\"content_row_wrapper  default\" >\n\t<div id=\"asdasd\" class=\"vc_col-sm-12 wpb_column vc_column_container\" >\n\t<div class=\"vc_column-inner\">\n\t\t<div class=\"wpb_wrapper\" >\n\t\t\t\n\t<div class=\"wpb_text_column wpb_content_element\" >\n\t\t<div class=\"wpb_wrapper\">\n\t\t\t<h3><strong><em>Resort Valle del Higuer\u00f3n del Higuer\u00f3n<\/em><\/strong><\/h3>\n<p style=\"text-align: left;\">Este magn\u00edfico complejo de obra nueva ofrece lujosos apartamentos y \u00e1ticos en primera l\u00ednea de mar. Valley Collection at Higuer\u00f3n Resort tiene una superficie total de aproximadamente 74.703 m\u00b2. El complejo consta de varios edificios de tres plantas cada uno. Se construir\u00e1n un total de 224 viviendas.<br \/>\nHabr\u00e1 141 apartamentos de dos habitaciones, 45 apartamentos de tres habitaciones y 38 \u00e1ticos de tres habitaciones. Como en todo Higuer\u00f3n Resort, se priorizar\u00e1 la vegetaci\u00f3n y la naturaleza; se crear\u00e1n 20.000 m\u00b2 de espacios verdes, incluyendo senderos para caminar. Cada edificio de apartamentos contar\u00e1 con un... <em>propia piscina infinita<\/em> Llegar. De forma predeterminada, todas las casas obtienen <em>dos plazas de garaje y un trastero<\/em>. La ubicaci\u00f3n de las casas est\u00e1 orientada al sur o suroeste y est\u00e1n ubicadas en varias plataformas a diferentes alturas\/niveles para garantizar una hermosa vista al mar. Disfrute de una vista impresionante del mar Mediterr\u00e1neo desde su amplia terraza.<br \/>\nEl dise\u00f1o exterior ser\u00e1 arquitect\u00f3nicamente muy similar al del Med One-Two de Higuer\u00f3n Resort. Tecnal para la carpinter\u00eda exterior, Zampieri para las cocinas, Duravit, Kaldewai, Hansgrohe, etc.<\/p>\n<p style=\"text-align: left;\">Los cambios de gusto personal son posibles siempre que se cumplan los plazos.<\/p>\n<h3><strong>Desarrollo verde \u2013 certificado Breeam<\/strong><\/h3>\n<p>El desarrollo se centra en la sostenibilidad ambiental. Las viviendas cuentan con la certificaci\u00f3n BREEAM (Metodolog\u00eda de Evaluaci\u00f3n Ambiental del Building Research Establishment), lo que garantiza que cumplen con todos los criterios de eficiencia y sostenibilidad. Durante las fases de dise\u00f1o y construcci\u00f3n, se hizo todo lo posible para reducir las emisiones de CO2 y la huella ecol\u00f3gica. Los apartamentos est\u00e1n acabados con materiales de la m\u00e1s alta calidad y los m\u00e1s sostenibles.<\/p>\n<h5><img loading=\"lazy\" decoding=\"async\" class=\"alignnone wp-image-3291\" src=\"https:\/\/higueronvalley.com\/wp-content\/uploads\/2022\/01\/Logobream-348x314-1-300x271.png\" alt=\"Valle del Higuer\u00f3n - Breeam\" width=\"165\" height=\"149\" srcset=\"https:\/\/higueronvalley.com\/wp-content\/uploads\/2022\/01\/Logobream-348x314-1-300x271.png 300w, https:\/\/higueronvalley.com\/wp-content\/uploads\/2022\/01\/Logobream-348x314-1-13x12.png 13w, https:\/\/higueronvalley.com\/wp-content\/uploads\/2022\/01\/Logobream-348x314-1.png 348w\" sizes=\"auto, (max-width: 165px) 100vw, 165px\" \/><\/h5>\n<h3><strong>Precios del Valle del Higuer\u00f3n<\/strong><\/h3>\n<p>Precios de este proyecto:<\/p>\n<ul>\n<li>Apartamentos de dos habitaciones de aproximadamente 90 m\u00b2 \u2013 desde 485.000 \u20ac<\/li>\n<li>Apartamentos de tres habitaciones\/aproximadamente 120 m\u00b2 \u2013 desde 690.000 \u20ac<\/li>\n<li>\u00c1ticos\/130m2 con tres dormitorios \u2013 desde 1.325.000 euros hasta 1.950.000 euros<\/li>\n<\/ul>\n<p>El precio var\u00eda seg\u00fan el nivel y la vista. La finalizaci\u00f3n de las primeras fases est\u00e1 prevista para principios de 2024. Cont\u00e1ctenos para consultar la informaci\u00f3n y los precios actuales.<\/p>\n<p>\u00bfQuieres recibir m\u00e1s informaci\u00f3n? No dude en ponerse en contacto con nosotros.<\/p>\n<p><strong><a href=\"https:\/\/higueronvalley.com\/es\/mas-informacion\/\">Reg\u00edstrate y recibe todos los detalles, disponibilidad y precios sobre Valle del Higuer\u00f3n<\/a><\/strong>.<\/p>\n<p>\u00bfTiene alguna pregunta espec\u00edfica o le gustar\u00eda concertar una cita? Llama a Ron de Vries al +34 677 67 04 80<\/p>\n<h3><strong>Oferta Total Higuer\u00f3n<\/strong><\/h3>\n<p>\u00bfQuieres ver toda la oferta de Higuer\u00f3n? Visita el <a href=\"https:\/\/higueron-estates.com\/\"><strong>Sitio web de Higueron Estates &gt;<\/strong><\/a><\/p>\n\n\t\t<\/div>\n\t<\/div>\n<div class=\"vc_btn3-container  photo-button vc_btn3-center\" ><a style=\"background-color:#bbaa85; color:#ffffff;\" class=\"vc_general vc_btn3 vc_btn3-size-lg vc_btn3-shape-square vc_btn3-style-custom\" href=\"https:\/\/higueronvalley.com\/es\/mas-informacion\/\" title=\"M\u00e1s informaci\u00f3n\">M\u00e1s informaci\u00f3n<\/a><\/div>\n\t<div class=\"wpb_text_column wpb_content_element\" >\n\t\t<div class=\"wpb_wrapper\">\n\t\t\t\n\t\t<\/div>\n\t<\/div>\n\n\t\t<\/div>\n\t<\/div>\n\t<\/div>\n\n<\/div>\n<\/div>\n\n<div  class=\"content_row row vc_row wpb_row  default-style fullwidth\" >\n\t\n\t<div class=\"content_row_wrapper  default\" >\n\t<div id=\"asdasd\" class=\"vc_col-sm-12 wpb_column vc_column_container\" >\n\t<div class=\"vc_column-inner\">\n\t\t<div class=\"wpb_wrapper\" >\n\t\t\t\n\t<div class=\"wpb_text_column wpb_content_element\" >\n\t\t<div class=\"wpb_wrapper\">\n\t\t\t<p><strong>Otros proyectos de Higuer\u00f3n:<\/strong><\/p>\n<ul>\n<li style=\"text-align: left;\"><strong><a href=\"http:\/\/lomasdelhigueron.com\" target=\"_blank\" rel=\"noopener\">Las Lomas del Higuer\u00f3n &gt;&gt;&gt;<\/a><\/strong><\/li>\n<li><a href=\"https:\/\/higueronsouth.com\/\" target=\"_blank\" rel=\"noopener\"><strong>Higuer\u00f3n Sur &gt;&gt;&gt;<\/strong><\/a><\/li>\n<li><a href=\"https:\/\/higueron-beach.com\/\" target=\"_blank\" rel=\"noopener\"><strong>Playa del Higuer\u00f3n &gt;&gt;&gt;<\/strong><\/a><\/li>\n<li><a href=\"https:\/\/higueron-aura.com\/\" target=\"_blank\" rel=\"noopener\"><strong>Higuer\u00f3n Aura &gt;&gt;&gt;<\/strong><\/a><\/li>\n<li><a href=\"https:\/\/villas-higueron.com\/\" target=\"_blank\" rel=\"noopener\"><strong>Villas Higuer\u00f3n &gt;&gt;&gt;<\/strong><\/a><\/li>\n<\/ul>\n\n\t\t<\/div>\n\t<\/div>\n\n\t\t<\/div>\n\t<\/div>\n\t<\/div>\n\n<\/div>\n<\/div>","protected":false},"excerpt":{"rendered":"<p>&#8230; <a class=\"more-link\" href=\"https:\/\/higueronvalley.com\/es\/el-complejo\/\">sigue leyendo<\/a><\/p>","protected":false},"author":1,"featured_media":0,"parent":0,"menu_order":0,"comment_status":"closed","ping_status":"closed","template":"","meta":{"footnotes":""},"class_list":["post-26","page","type-page","status-publish","hentry"],"_links":{"self":[{"href":"https:\/\/higueronvalley.com\/es\/wp-json\/wp\/v2\/pages\/26","targetHints":{"allow":["GET"]}}],"collection":[{"href":"https:\/\/higueronvalley.com\/es\/wp-json\/wp\/v2\/pages"}],"about":[{"href":"https:\/\/higueronvalley.com\/es\/wp-json\/wp\/v2\/types\/page"}],"author":[{"embeddable":true,"href":"https:\/\/higueronvalley.com\/es\/wp-json\/wp\/v2\/users\/1"}],"replies":[{"embeddable":true,"href":"https:\/\/higueronvalley.com\/es\/wp-json\/wp\/v2\/comments?post=26"}],"version-history":[{"count":34,"href":"https:\/\/higueronvalley.com\/es\/wp-json\/wp\/v2\/pages\/26\/revisions"}],"predecessor-version":[{"id":3355,"href":"https:\/\/higueronvalley.com\/es\/wp-json\/wp\/v2\/pages\/26\/revisions\/3355"}],"wp:attachment":[{"href":"https:\/\/higueronvalley.com\/es\/wp-json\/wp\/v2\/media?parent=26"}],"curies":[{"name":"gracias","href":"https:\/\/api.w.org\/{rel}","templated":true}]}}