{"id":26,"date":"2018-06-18T12:35:33","date_gmt":"2018-06-18T12:35:33","guid":{"rendered":"http:\/\/www.alhaurinvistagolf.com\/?page_id=26"},"modified":"2024-02-01T12:08:38","modified_gmt":"2024-02-01T12:08:38","slug":"het-complex","status":"publish","type":"page","link":"https:\/\/higueronvalley.com\/de\/der-komplex\/","title":{"rendered":"Der Komplex"},"content":{"rendered":"<div  class=\"content_row row vc_row wpb_row  default-style fullwidth\" >\n\t\n\t<div class=\"content_row_wrapper  default\" >\n\t<div id=\"asdasd\" class=\"vc_col-sm-12 wpb_column vc_column_container\" >\n\t<div class=\"vc_column-inner\">\n\t\t<div class=\"wpb_wrapper\" >\n\t\t\t<div class=\"wpb_revslider_element wpb_content_element\">\n<div id=\"rev_slider_6_1_wrapper\" class=\"rev_slider_wrapper fullwidthbanner-container\" data-source=\"gallery\" style=\"margin:0px auto;background:transparent;padding:0px;margin-top:0px;margin-bottom:0px;\">\n<!-- START REVOLUTION SLIDER 5.4.7.3 fullwidth mode -->\n\t<div id=\"rev_slider_6_1\" class=\"rev_slider fullwidthabanner\" style=\"display:none;\" data-version=\"5.4.7.3\">\n<ul>\t<!-- SLIDE  -->\n\t<li data-index=\"rs-8\" data-transition=\"fade\" data-slotamount=\"default\" data-hideafterloop=\"0\" data-hideslideonmobile=\"off\"  data-easein=\"default\" data-easeout=\"default\" data-masterspeed=\"300\"  data-rotate=\"0\"  data-saveperformance=\"off\"  data-ssop=\"true\"  data-title=\"Slide\" data-param1=\"\" data-param2=\"\" data-param3=\"\" data-param4=\"\" data-param5=\"\" data-param6=\"\" data-param7=\"\" data-param8=\"\" data-param9=\"\" data-param10=\"\" data-description=\"\">\n\t\t<!-- MAIN IMAGE -->\n\t\t<img decoding=\"async\" src=\"https:\/\/higueronvalley.com\/wp-content\/plugins\/revslider\/admin\/assets\/images\/transparent.png\"  alt=\"\" title=\"Der Komplex\"  data-bgposition=\"center center\" data-bgfit=\"cover\" data-bgrepeat=\"no-repeat\" class=\"rev-slidebg\" data-no-retina>\n\t\t<!-- LAYERS -->\n\n\t\t<!-- LAYER NR. 1 -->\n\t\t<div class=\"tp-caption   tp-resizeme\" \n\t\t\t id=\"slide-8-layer-13\" \n\t\t\t data-x=\"-102\" \n\t\t\t data-y=\"2\" \n\t\t\t\t\t\tdata-width=\"['none','none','none','none']\"\n\t\t\tdata-height=\"['none','none','none','none']\"\n \n\t\t\tdata-type=\"image\" \n\t\t\tdata-responsive_offset=\"on\" \n\n\t\t\tdata-frames='[{\"delay\":0,\"speed\":300,\"frame\":\"0\",\"from\":\"opacity:0;\",\"to\":\"o:1;\",\"ease\":\"Power3.easeInOut\"},{\"delay\":\"wait\",\"speed\":300,\"frame\":\"999\",\"to\":\"opacity:0;\",\"ease\":\"Power3.easeInOut\"}]'\n\t\t\tdata-textalign=\"['inherit','inherit','inherit','inherit']\"\n\t\t\tdata-paddingtop=\"[0,0,0,0]\"\n\t\t\tdata-paddingright=\"[0,0,0,0]\"\n\t\t\tdata-paddingbottom=\"[0,0,0,0]\"\n\t\t\tdata-paddingleft=\"[0,0,0,0]\"\n\n\t\t\tstyle=\"z-index: 6;\"><img loading=\"lazy\" decoding=\"async\" src=\"https:\/\/higueronvalley.com\/wp-content\/uploads\/2021\/12\/header_locatie.jpg\" alt=\"\" data-ww=\"1447px\" data-hh=\"466px\" width=\"1447\" height=\"466\" data-no-retina> <\/div>\n\t<\/li>\n<\/ul>\n<div class=\"tp-bannertimer tp-bottom\" style=\"visibility: hidden !important;\"><\/div>\t<\/div>\n<script>var htmlDiv = document.getElementById(\"rs-plugin-settings-inline-css\"); var htmlDivCss=\"\";\r\n\t\t\t\tif(htmlDiv) {\r\n\t\t\t\t\thtmlDiv.innerHTML = htmlDiv.innerHTML + htmlDivCss;\r\n\t\t\t\t}else{\r\n\t\t\t\t\tvar htmlDiv = document.createElement(\"div\");\r\n\t\t\t\t\thtmlDiv.innerHTML = \"<style>\" + htmlDivCss + \"<\/style>\";\r\n\t\t\t\t\tdocument.getElementsByTagName(\"head\")[0].appendChild(htmlDiv.childNodes[0]);\r\n\t\t\t\t}\r\n\t\t\t<\/script>\n\t\t<script type=\"text\/javascript\">\r\nif (setREVStartSize!==undefined) setREVStartSize(\r\n\t{c: '#rev_slider_6_1', gridwidth: [1240], gridheight: [464], sliderLayout: 'fullwidth'});\r\n\t\t\t\r\nvar revapi6,\r\n\ttpj;\t\r\n(function() {\t\t\t\r\n\tif (!\/loaded|interactive|complete\/.test(document.readyState)) document.addEventListener(\"DOMContentLoaded\",onLoad); else onLoad();\t\r\n\tfunction onLoad() {\t\t\t\t\r\n\t\tif (tpj===undefined) { tpj = jQuery; if(\"off\" == \"on\") tpj.noConflict();}\r\n\tif(tpj(\"#rev_slider_6_1\").revolution == undefined){\n\t\trevslider_showDoubleJqueryError(\"#rev_slider_6_1\");\n\t}else{\n\t\trevapi6 = tpj(\"#rev_slider_6_1\").show().revolution({\n\t\t\tsliderType:\"standard\",\n\t\t\tjsFileLocation:\"\/\/higueronvalley.com\/wp-content\/plugins\/revslider\/public\/assets\/js\/\",\n\t\t\tsliderLayout:\"fullwidth\",\n\t\t\tdottedOverlay:\"none\",\n\t\t\tdelay:6000,\n\t\t\tnavigation: {\n\t\t\t\tonHoverStop:\"off\",\n\t\t\t},\n\t\t\tvisibilityLevels:[1240,1024,778,480],\n\t\t\tgridwidth:1240,\n\t\t\tgridheight:464,\n\t\t\tlazyType:\"none\",\n\t\t\tshadow:0,\n\t\t\tspinner:\"spinner0\",\n\t\t\tstopLoop:\"off\",\n\t\t\tstopAfterLoops:-1,\n\t\t\tstopAtSlide:-1,\n\t\t\tshuffle:\"off\",\n\t\t\tautoHeight:\"off\",\n\t\t\tdisableProgressBar:\"on\",\n\t\t\thideThumbsOnMobile:\"off\",\n\t\t\thideSliderAtLimit:0,\n\t\t\thideCaptionAtLimit:0,\n\t\t\thideAllCaptionAtLilmit:0,\n\t\t\tdebugMode:false,\n\t\t\tfallbacks: {\n\t\t\t\tsimplifyAll:\"off\",\n\t\t\t\tnextSlideOnWindowFocus:\"off\",\n\t\t\t\tdisableFocusListener:false,\n\t\t\t}\n\t\t});\n\t}; \/* END OF revapi call *\/\n\t\n }; \/* END OF ON LOAD FUNCTION *\/\r\n}()); \/* END OF WRAPPING FUNCTION *\/\r\n<\/script>\r\n\t\t<\/div><!-- END REVOLUTION SLIDER --><\/div>\n\t\t<\/div>\n\t<\/div>\n\t<\/div>\n\n<\/div>\n<\/div>\n\n<div  class=\"content_row row vc_row wpb_row  default-style fullwidth\" >\n\t\n\t<div class=\"content_row_wrapper  default\" >\n\t<div id=\"asdasd\" class=\"vc_col-sm-12 wpb_column vc_column_container\" >\n\t<div class=\"vc_column-inner\">\n\t\t<div class=\"wpb_wrapper\" >\n\t\t\t\n\t<div class=\"wpb_text_column wpb_content_element\" >\n\t\t<div class=\"wpb_wrapper\">\n\t\t\t<h3><strong><em>Higueron-Tal des Higueron Resort<\/em><\/strong><\/h3>\n<p style=\"text-align: left;\">Dieser pr\u00e4chtige Neubaukomplex bietet sowohl luxuri\u00f6se Apartments als auch Penth\u00e4user direkt am Meer. Die Valley Collection im Higuer\u00f3n Resort verf\u00fcgt \u00fcber eine Gesamtfl\u00e4che von ca. 74.703 m\u00b2. Der Komplex besteht aus mehreren Geb\u00e4uden mit jeweils drei Stockwerken. Insgesamt werden 224 Wohnungen gebaut.<br \/>\nEs wird 141 Zwei-Zimmer-Apartments, 45 Drei-Zimmer-Apartments und 38 Drei-Zimmer-Penthouses geben. Wie bei allem im Higuer\u00f3n Resort wird gro\u00dfer Wert auf Gr\u00fcn und Natur gelegt; 20.000 m\u00b2 Gr\u00fcnfl\u00e4chen werden angelegt, einschlie\u00dflich Spazierwege. Jedes Apartmentgeb\u00e4ude verf\u00fcgt \u00fcber ein <em>eigener Infinity-Pool<\/em> bekommen. Standardm\u00e4\u00dfig erhalten alle H\u00e4user <em>zwei Parkpl\u00e4tze und ein Abstellraum<\/em>. Die Lage der H\u00e4user ist alle nach S\u00fcden oder S\u00fcdwesten ausgerichtet und auf verschiedenen Plattformen in unterschiedlichen H\u00f6hen\/Niveaus platziert, um einen sch\u00f6nen Meerblick zu gew\u00e4hrleisten. Genie\u00dfen Sie von Ihrer gro\u00dfz\u00fcgigen Terrasse einen atemberaubenden Blick auf das Mittelmeer.<br \/>\nDas Au\u00dfendesign wird architektonisch dem Med One-Two des Higuer\u00f3n Resorts sehr \u00e4hnlich sein. Tecnal f\u00fcr die Au\u00dfenschreinereiarbeiten, Zampieri f\u00fcr die K\u00fcchen, Duravit, Kaldewai, Hansgrohe usw.<\/p>\n<p style=\"text-align: left;\">\u00c4nderungen nach pers\u00f6nlichem Geschmack sind innerhalb der Fristen m\u00f6glich.<\/p>\n<h3><strong>Gr\u00fcne Entwicklung \u2013 Breeam-zertifiziert<\/strong><\/h3>\n<p>Der Schwerpunkt der Entwicklung liegt auf \u00f6kologischer Nachhaltigkeit. Die Wohnungen sind BREEAM-zertifiziert (Building Research Establishment Environmental Assessment Methodology) und erf\u00fcllen somit alle Effizienz- und Nachhaltigkeitskriterien. Sowohl in der Planungs- als auch in der Bauphase wurde gr\u00f6\u00dfter Wert darauf gelegt, den CO2-Aussto\u00df und den \u00f6kologischen Fu\u00dfabdruck zu reduzieren. Die Wohnungen sind mit hochwertigsten und nachhaltigsten Materialien ausgestattet.<\/p>\n<h5><img loading=\"lazy\" decoding=\"async\" class=\"alignnone wp-image-3291\" src=\"https:\/\/higueronvalley.com\/wp-content\/uploads\/2022\/01\/Logobream-348x314-1-300x271.png\" alt=\"Higueron-Tal - Breeam\" width=\"165\" height=\"149\" srcset=\"https:\/\/higueronvalley.com\/wp-content\/uploads\/2022\/01\/Logobream-348x314-1-300x271.png 300w, https:\/\/higueronvalley.com\/wp-content\/uploads\/2022\/01\/Logobream-348x314-1-13x12.png 13w, https:\/\/higueronvalley.com\/wp-content\/uploads\/2022\/01\/Logobream-348x314-1.png 348w\" sizes=\"auto, (max-width: 165px) 100vw, 165px\" \/><\/h5>\n<h3><strong>Preise im Higuer\u00f3n-Tal<\/strong><\/h3>\n<p>Preise dieses Projekts:<\/p>\n<ul>\n<li>Zwei-Zimmer-Wohnungen mit ca. 90 m2 \u2013 ab 485.000 \u20ac<\/li>\n<li>Dreizimmerwohnungen\/ca. 120 m2 \u2013 ab 690.000 \u20ac<\/li>\n<li>Penth\u00e4user\/130m2 mit drei Schlafzimmern \u2013 von 1.325.000 Euro bis 1.950.000 Euro<\/li>\n<\/ul>\n<p>Preisunterschiede je nach Ausstattung und Aussicht. Die Fertigstellung der ersten Bauabschnitte ist f\u00fcr Anfang 2024 geplant. Bitte kontaktieren Sie uns f\u00fcr aktuelle Angebote und Preise.<\/p>\n<p>M\u00f6chten Sie weitere Informationen erhalten? Z\u00f6gern Sie nicht, uns zu kontaktieren.<\/p>\n<p><strong><a href=\"https:\/\/higueronvalley.com\/de\/mehr-info\/\">Melden Sie sich an und erhalten Sie alle Details, Verf\u00fcgbarkeiten und Preise zum Higuer\u00f3n-Tal<\/a><\/strong>.<\/p>\n<p>Sie haben eine konkrete Frage oder m\u00f6chten einen Termin vereinbaren? Rufen Sie Ron de Vries unter +34 677 67 04 80 an<\/p>\n<h3><strong>Gesamtangebot von Higuer\u00f3n<\/strong><\/h3>\n<p>M\u00f6chten Sie einen \u00dcberblick \u00fcber das gesamte Angebot von Higuer\u00f3n? Dann besuchen Sie die <a href=\"https:\/\/higueron-estates.com\/\"><strong>Higueron Estates Website &gt;<\/strong><\/a><\/p>\n\n\t\t<\/div>\n\t<\/div>\n<div class=\"vc_btn3-container  photo-button vc_btn3-center\" ><a style=\"background-color:#bbaa85; color:#ffffff;\" class=\"vc_general vc_btn3 vc_btn3-size-lg vc_btn3-shape-square vc_btn3-style-custom\" href=\"https:\/\/higueronvalley.com\/de\/mehr-info\/\" title=\"Mehr Info\">MEHR INFO<\/a><\/div>\n\t<div class=\"wpb_text_column wpb_content_element\" >\n\t\t<div class=\"wpb_wrapper\">\n\t\t\t\n\t\t<\/div>\n\t<\/div>\n\n\t\t<\/div>\n\t<\/div>\n\t<\/div>\n\n<\/div>\n<\/div>\n\n<div  class=\"content_row row vc_row wpb_row  default-style fullwidth\" >\n\t\n\t<div class=\"content_row_wrapper  default\" >\n\t<div id=\"asdasd\" class=\"vc_col-sm-12 wpb_column vc_column_container\" >\n\t<div class=\"vc_column-inner\">\n\t\t<div class=\"wpb_wrapper\" >\n\t\t\t\n\t<div class=\"wpb_text_column wpb_content_element\" >\n\t\t<div class=\"wpb_wrapper\">\n\t\t\t<p><strong>Weitere Higuer\u00f3n-Projekte:<\/strong><\/p>\n<ul>\n<li style=\"text-align: left;\"><strong><a href=\"http:\/\/lomasdelhigueron.com\" target=\"_blank\" rel=\"noopener\">Las Lomas del Higuer\u00f3n &gt;&gt;&gt;<\/a><\/strong><\/li>\n<li><a href=\"https:\/\/higueronsouth.com\/\" target=\"_blank\" rel=\"noopener\"><strong>Higuer\u00f3n S\u00fcd &gt;&gt;&gt;<\/strong><\/a><\/li>\n<li><a href=\"https:\/\/higueron-beach.com\/\" target=\"_blank\" rel=\"noopener\"><strong>Strand von Higuer\u00f3n &gt;&gt;&gt;<\/strong><\/a><\/li>\n<li><a href=\"https:\/\/higueron-aura.com\/\" target=\"_blank\" rel=\"noopener\"><strong>Higuer\u00f3n Aura &gt;&gt;&gt;<\/strong><\/a><\/li>\n<li><a href=\"https:\/\/villas-higueron.com\/\" target=\"_blank\" rel=\"noopener\"><strong>Higuer\u00f3n Villen &gt;&gt;&gt;<\/strong><\/a><\/li>\n<\/ul>\n\n\t\t<\/div>\n\t<\/div>\n\n\t\t<\/div>\n\t<\/div>\n\t<\/div>\n\n<\/div>\n<\/div>","protected":false},"excerpt":{"rendered":"<p>&#8230; <a class=\"more-link\" href=\"https:\/\/higueronvalley.com\/de\/der-komplex\/\">Weiterlesen<\/a><\/p>","protected":false},"author":1,"featured_media":0,"parent":0,"menu_order":0,"comment_status":"closed","ping_status":"closed","template":"","meta":{"footnotes":""},"class_list":["post-26","page","type-page","status-publish","hentry"],"_links":{"self":[{"href":"https:\/\/higueronvalley.com\/de\/wp-json\/wp\/v2\/pages\/26","targetHints":{"allow":["GET"]}}],"collection":[{"href":"https:\/\/higueronvalley.com\/de\/wp-json\/wp\/v2\/pages"}],"about":[{"href":"https:\/\/higueronvalley.com\/de\/wp-json\/wp\/v2\/types\/page"}],"author":[{"embeddable":true,"href":"https:\/\/higueronvalley.com\/de\/wp-json\/wp\/v2\/users\/1"}],"replies":[{"embeddable":true,"href":"https:\/\/higueronvalley.com\/de\/wp-json\/wp\/v2\/comments?post=26"}],"version-history":[{"count":34,"href":"https:\/\/higueronvalley.com\/de\/wp-json\/wp\/v2\/pages\/26\/revisions"}],"predecessor-version":[{"id":3355,"href":"https:\/\/higueronvalley.com\/de\/wp-json\/wp\/v2\/pages\/26\/revisions\/3355"}],"wp:attachment":[{"href":"https:\/\/higueronvalley.com\/de\/wp-json\/wp\/v2\/media?parent=26"}],"curies":[{"name":"wp","href":"https:\/\/api.w.org\/{rel}","templated":true}]}}