{"id":26,"date":"2018-06-18T12:35:33","date_gmt":"2018-06-18T12:35:33","guid":{"rendered":"http:\/\/www.alhaurinvistagolf.com\/?page_id=26"},"modified":"2024-02-01T12:08:38","modified_gmt":"2024-02-01T12:08:38","slug":"het-complex","status":"publish","type":"page","link":"https:\/\/higueronvalley.com\/cs\/komplex\/","title":{"rendered":"Komplex"},"content":{"rendered":"<div  class=\"content_row row vc_row wpb_row  default-style fullwidth\" >\n\t\n\t<div class=\"content_row_wrapper  default\" >\n\t<div id=\"asdasd\" class=\"vc_col-sm-12 wpb_column vc_column_container\" >\n\t<div class=\"vc_column-inner\">\n\t\t<div class=\"wpb_wrapper\" >\n\t\t\t<div class=\"wpb_revslider_element wpb_content_element\">\n<div id=\"rev_slider_6_1_wrapper\" class=\"rev_slider_wrapper fullwidthbanner-container\" data-source=\"gallery\" style=\"margin:0px auto;background:transparent;padding:0px;margin-top:0px;margin-bottom:0px;\">\n<!-- START REVOLUTION SLIDER 5.4.7.3 fullwidth mode -->\n\t<div id=\"rev_slider_6_1\" class=\"rev_slider fullwidthabanner\" style=\"display:none;\" data-version=\"5.4.7.3\">\n<ul>\t<!-- SLIDE  -->\n\t<li data-index=\"rs-8\" data-transition=\"fade\" data-slotamount=\"default\" data-hideafterloop=\"0\" data-hideslideonmobile=\"off\"  data-easein=\"default\" data-easeout=\"default\" data-masterspeed=\"300\"  data-rotate=\"0\"  data-saveperformance=\"off\"  data-ssop=\"true\"  data-title=\"Slide\" data-param1=\"\" data-param2=\"\" data-param3=\"\" data-param4=\"\" data-param5=\"\" data-param6=\"\" data-param7=\"\" data-param8=\"\" data-param9=\"\" data-param10=\"\" data-description=\"\">\n\t\t<!-- MAIN IMAGE -->\n\t\t<img decoding=\"async\" src=\"https:\/\/higueronvalley.com\/wp-content\/plugins\/revslider\/admin\/assets\/images\/transparent.png\"  alt=\"\" title=\"Komplex\"  data-bgposition=\"center center\" data-bgfit=\"cover\" data-bgrepeat=\"no-repeat\" class=\"rev-slidebg\" data-no-retina>\n\t\t<!-- LAYERS -->\n\n\t\t<!-- LAYER NR. 1 -->\n\t\t<div class=\"tp-caption   tp-resizeme\" \n\t\t\t id=\"slide-8-layer-13\" \n\t\t\t data-x=\"-102\" \n\t\t\t data-y=\"2\" \n\t\t\t\t\t\tdata-width=\"['none','none','none','none']\"\n\t\t\tdata-height=\"['none','none','none','none']\"\n \n\t\t\tdata-type=\"image\" \n\t\t\tdata-responsive_offset=\"on\" \n\n\t\t\tdata-frames='[{\"delay\":0,\"speed\":300,\"frame\":\"0\",\"from\":\"opacity:0;\",\"to\":\"o:1;\",\"ease\":\"Power3.easeInOut\"},{\"delay\":\"wait\",\"speed\":300,\"frame\":\"999\",\"to\":\"opacity:0;\",\"ease\":\"Power3.easeInOut\"}]'\n\t\t\tdata-textalign=\"['inherit','inherit','inherit','inherit']\"\n\t\t\tdata-paddingtop=\"[0,0,0,0]\"\n\t\t\tdata-paddingright=\"[0,0,0,0]\"\n\t\t\tdata-paddingbottom=\"[0,0,0,0]\"\n\t\t\tdata-paddingleft=\"[0,0,0,0]\"\n\n\t\t\tstyle=\"z-index: 6;\"><img loading=\"lazy\" decoding=\"async\" src=\"https:\/\/higueronvalley.com\/wp-content\/uploads\/2021\/12\/header_locatie.jpg\" alt=\"\" data-ww=\"1447px\" data-hh=\"466px\" width=\"1447\" height=\"466\" data-no-retina> <\/div>\n\t<\/li>\n<\/ul>\n<div class=\"tp-bannertimer tp-bottom\" style=\"visibility: hidden !important;\"><\/div>\t<\/div>\n<script>var htmlDiv = document.getElementById(\"rs-plugin-settings-inline-css\"); var htmlDivCss=\"\";\r\n\t\t\t\tif(htmlDiv) {\r\n\t\t\t\t\thtmlDiv.innerHTML = htmlDiv.innerHTML + htmlDivCss;\r\n\t\t\t\t}else{\r\n\t\t\t\t\tvar htmlDiv = document.createElement(\"div\");\r\n\t\t\t\t\thtmlDiv.innerHTML = \"<style>\" + htmlDivCss + \"<\/style>\";\r\n\t\t\t\t\tdocument.getElementsByTagName(\"head\")[0].appendChild(htmlDiv.childNodes[0]);\r\n\t\t\t\t}\r\n\t\t\t<\/script>\n\t\t<script type=\"text\/javascript\">\r\nif (setREVStartSize!==undefined) setREVStartSize(\r\n\t{c: '#rev_slider_6_1', gridwidth: [1240], gridheight: [464], sliderLayout: 'fullwidth'});\r\n\t\t\t\r\nvar revapi6,\r\n\ttpj;\t\r\n(function() {\t\t\t\r\n\tif (!\/loaded|interactive|complete\/.test(document.readyState)) document.addEventListener(\"DOMContentLoaded\",onLoad); else onLoad();\t\r\n\tfunction onLoad() {\t\t\t\t\r\n\t\tif (tpj===undefined) { tpj = jQuery; if(\"off\" == \"on\") tpj.noConflict();}\r\n\tif(tpj(\"#rev_slider_6_1\").revolution == undefined){\n\t\trevslider_showDoubleJqueryError(\"#rev_slider_6_1\");\n\t}else{\n\t\trevapi6 = tpj(\"#rev_slider_6_1\").show().revolution({\n\t\t\tsliderType:\"standard\",\n\t\t\tjsFileLocation:\"\/\/higueronvalley.com\/wp-content\/plugins\/revslider\/public\/assets\/js\/\",\n\t\t\tsliderLayout:\"fullwidth\",\n\t\t\tdottedOverlay:\"none\",\n\t\t\tdelay:6000,\n\t\t\tnavigation: {\n\t\t\t\tonHoverStop:\"off\",\n\t\t\t},\n\t\t\tvisibilityLevels:[1240,1024,778,480],\n\t\t\tgridwidth:1240,\n\t\t\tgridheight:464,\n\t\t\tlazyType:\"none\",\n\t\t\tshadow:0,\n\t\t\tspinner:\"spinner0\",\n\t\t\tstopLoop:\"off\",\n\t\t\tstopAfterLoops:-1,\n\t\t\tstopAtSlide:-1,\n\t\t\tshuffle:\"off\",\n\t\t\tautoHeight:\"off\",\n\t\t\tdisableProgressBar:\"on\",\n\t\t\thideThumbsOnMobile:\"off\",\n\t\t\thideSliderAtLimit:0,\n\t\t\thideCaptionAtLimit:0,\n\t\t\thideAllCaptionAtLilmit:0,\n\t\t\tdebugMode:false,\n\t\t\tfallbacks: {\n\t\t\t\tsimplifyAll:\"off\",\n\t\t\t\tnextSlideOnWindowFocus:\"off\",\n\t\t\t\tdisableFocusListener:false,\n\t\t\t}\n\t\t});\n\t}; \/* END OF revapi call *\/\n\t\n }; \/* END OF ON LOAD FUNCTION *\/\r\n}()); \/* END OF WRAPPING FUNCTION *\/\r\n<\/script>\r\n\t\t<\/div><!-- END REVOLUTION SLIDER --><\/div>\n\t\t<\/div>\n\t<\/div>\n\t<\/div>\n\n<\/div>\n<\/div>\n\n<div  class=\"content_row row vc_row wpb_row  default-style fullwidth\" >\n\t\n\t<div class=\"content_row_wrapper  default\" >\n\t<div id=\"asdasd\" class=\"vc_col-sm-12 wpb_column vc_column_container\" >\n\t<div class=\"vc_column-inner\">\n\t\t<div class=\"wpb_wrapper\" >\n\t\t\t\n\t<div class=\"wpb_text_column wpb_content_element\" >\n\t\t<div class=\"wpb_wrapper\">\n\t\t\t<h3><strong><em>Higueron Valley of Higueron Resort<\/em><\/strong><\/h3>\n<p style=\"text-align: left;\">Tento velkolep\u00fd nov\u011b postaven\u00fd komplex nab\u00edz\u00ed luxusn\u00ed apartm\u00e1ny i penthousy p\u0159\u00edmo na pob\u0159e\u017e\u00ed. Valley Collection v resortu Higuer\u00f3n m\u00e1 celkovou plochu p\u0159ibli\u017en\u011b 74 703 m\u00b2. Komplex se skl\u00e1d\u00e1 z n\u011bkolika t\u0159\u00edpatrov\u00fdch budov. Celkem bude postaveno 224 dom\u016f.<br \/>\nK dispozici bude 141 dvoupokojov\u00fdch apartm\u00e1n\u016f, 45 t\u0159\u00edpokojov\u00fdch apartm\u00e1n\u016f a 38 t\u0159\u00edpokojov\u00fdch penthous\u016f. Stejn\u011b jako u v\u0161eho v resortu Higuer\u00f3n bude kladen siln\u00fd d\u016fraz na zele\u0148 a p\u0159\u00edrodu; bude vytvo\u0159eno 20 000 m\u00b2 zelen\u00fdch ploch, v\u010detn\u011b turistick\u00fdch stezek. Ka\u017ed\u00fd bytov\u00fd d\u016fm bude m\u00edt <em>vlastn\u00ed nekone\u010dn\u00fd baz\u00e9n<\/em> dostat. Ve v\u00fdchoz\u00edm nastaven\u00ed dostanou v\u0161echny dom\u00e1cnosti <em>dv\u011b parkovac\u00ed st\u00e1n\u00ed a komora<\/em>. V\u0161echny domy jsou um\u00edst\u011bny na jih nebo jihoz\u00e1pad a jsou um\u00edst\u011bny na r\u016fzn\u00fdch platform\u00e1ch v r\u016fzn\u00fdch v\u00fd\u0161k\u00e1ch\/\u00farovn\u00edch, aby byl zaru\u010den kr\u00e1sn\u00fd v\u00fdhled na mo\u0159e. U\u017eijte si dechberouc\u00ed v\u00fdhled na St\u0159edozemn\u00ed mo\u0159e z va\u0161\u00ed prostorn\u00e9 terasy.<br \/>\nVn\u011bj\u0161\u00ed design bude architektonicky velmi podobn\u00fd projektu Med One-Two v resortu Higuer\u00f3n. Tecnal bude poskytovat venkovn\u00ed tesa\u0159sk\u00e9 pr\u00e1ce, Zampieri kuchyn\u011b a Duravit, Kaldewai, Hansgrohe atd.<\/p>\n<p style=\"text-align: left;\">Zm\u011bny osobn\u00edho vkusu jsou mo\u017en\u00e9, pokud spadaj\u00ed do lh\u016ft.<\/p>\n<h3><strong>Zelen\u00fd rozvoj \u2013 certifikov\u00e1no spole\u010dnost\u00ed Breeam<\/strong><\/h3>\n<p>V\u00fdstavba se siln\u011b zam\u011b\u0159uje na environment\u00e1ln\u00ed udr\u017eitelnost. Domy maj\u00ed certifikaci BREEAM (Building Research Establishment Environmental Assessment Methodology), kter\u00e1 zaru\u010duje, \u017ee spl\u0148uj\u00ed ve\u0161ker\u00e1 krit\u00e9ria \u00fa\u010dinnosti a udr\u017eitelnosti. B\u011bhem f\u00e1ze n\u00e1vrhu i v\u00fdstavby bylo vynalo\u017eeno ve\u0161ker\u00e9 \u00fasil\u00ed na sn\u00ed\u017een\u00ed emis\u00ed CO2 a ekologick\u00e9 stopy. Byty jsou dokon\u010deny z nejkvalitn\u011bj\u0161\u00edch a nejudr\u017eiteln\u011bj\u0161\u00edch materi\u00e1l\u016f.<\/p>\n<h5><img loading=\"lazy\" decoding=\"async\" class=\"alignnone wp-image-3291\" src=\"https:\/\/higueronvalley.com\/wp-content\/uploads\/2022\/01\/Logobream-348x314-1-300x271.png\" alt=\"\u00dadol\u00ed Higueron \u2013 Breeam\" width=\"165\" height=\"149\" srcset=\"https:\/\/higueronvalley.com\/wp-content\/uploads\/2022\/01\/Logobream-348x314-1-300x271.png 300w, https:\/\/higueronvalley.com\/wp-content\/uploads\/2022\/01\/Logobream-348x314-1-13x12.png 13w, https:\/\/higueronvalley.com\/wp-content\/uploads\/2022\/01\/Logobream-348x314-1.png 348w\" sizes=\"auto, (max-width: 165px) 100vw, 165px\" \/><\/h5>\n<h3><strong>Ceny v \u00fadol\u00ed Higuer\u00f3n<\/strong><\/h3>\n<p>Ceny tohoto projektu:<\/p>\n<ul>\n<li>Dvoupokojov\u00e9 apartm\u00e1ny o rozloze cca 90 m2 \u2013 od 485 000 \u20ac<\/li>\n<li>t\u0159\u00edpokojov\u00e9 byty\/cca 120 m2 \u2013 od 690 000 \u20ac<\/li>\n<li>penthousy\/130 m2 se t\u0159emi lo\u017enicemi \u2013 od 1 325 000 do 1 950 000 eur<\/li>\n<\/ul>\n<p>Cenov\u00e9 rozd\u00edly se li\u0161\u00ed v z\u00e1vislosti na podla\u017e\u00ed a v\u00fdhledu. Dokon\u010den\u00ed prvn\u00edch f\u00e1z\u00ed je pl\u00e1nov\u00e1no na za\u010d\u00e1tek roku 2024. Pro aktu\u00e1ln\u00ed nab\u00eddky a ceny n\u00e1s pros\u00edm kontaktujte.<\/p>\n<p>Chcete z\u00edskat v\u00edce informac\u00ed? Nev\u00e1hejte n\u00e1s kontaktovat.<\/p>\n<p><strong><a href=\"https:\/\/higueronvalley.com\/cs\/vice-informaci\/\">Zaregistrujte se a z\u00edskejte ve\u0161ker\u00e9 informace, dostupnost a ceny o \u00fadol\u00ed Higuer\u00f3n<\/a><\/strong>.<\/p>\n<p>M\u00e1te konkr\u00e9tn\u00ed dotaz nebo byste si cht\u011bli domluvit sch\u016fzku? Zavolejte Ronovi de Vriesovi na \u010d\u00edslo +34 677 67 04 80<\/p>\n<h3><strong>Celkov\u00e1 nab\u00eddka Higuer\u00f3n<\/strong><\/h3>\n<p>Chcete z\u00edskat p\u0159ehled o cel\u00e9 nab\u00eddce Higuer\u00f3n? Pak nav\u0161tivte <a href=\"https:\/\/higueron-estates.com\/\"><strong>Webov\u00e9 str\u00e1nky Higueron Estates &gt;<\/strong><\/a><\/p>\n\n\t\t<\/div>\n\t<\/div>\n<div class=\"vc_btn3-container  photo-button vc_btn3-center\" ><a style=\"background-color:#bbaa85; color:#ffffff;\" class=\"vc_general vc_btn3 vc_btn3-size-lg vc_btn3-shape-square vc_btn3-style-custom\" href=\"https:\/\/higueronvalley.com\/cs\/vice-informaci\/\" title=\"V\u00edce informac\u00ed\">V\u00cdCE INFORMAC\u00cd<\/a><\/div>\n\t<div class=\"wpb_text_column wpb_content_element\" >\n\t\t<div class=\"wpb_wrapper\">\n\t\t\t\n\t\t<\/div>\n\t<\/div>\n\n\t\t<\/div>\n\t<\/div>\n\t<\/div>\n\n<\/div>\n<\/div>\n\n<div  class=\"content_row row vc_row wpb_row  default-style fullwidth\" >\n\t\n\t<div class=\"content_row_wrapper  default\" >\n\t<div id=\"asdasd\" class=\"vc_col-sm-12 wpb_column vc_column_container\" >\n\t<div class=\"vc_column-inner\">\n\t\t<div class=\"wpb_wrapper\" >\n\t\t\t\n\t<div class=\"wpb_text_column wpb_content_element\" >\n\t\t<div class=\"wpb_wrapper\">\n\t\t\t<p><strong>Dal\u0161\u00ed projekty Higuer\u00f3nu:<\/strong><\/p>\n<ul>\n<li style=\"text-align: left;\"><strong><a href=\"http:\/\/lomasdelhigueron.com\" target=\"_blank\" rel=\"noopener\">Las Lomas del Higuer\u00f3n &gt;&gt;&gt;<\/a><\/strong><\/li>\n<li><a href=\"https:\/\/higueronsouth.com\/\" target=\"_blank\" rel=\"noopener\"><strong>Ji\u017en\u00ed Higuer\u00f3n &gt;&gt;&gt;<\/strong><\/a><\/li>\n<li><a href=\"https:\/\/higueron-beach.com\/\" target=\"_blank\" rel=\"noopener\"><strong>Pl\u00e1\u017e Higuer\u00f3n &gt;&gt;&gt;<\/strong><\/a><\/li>\n<li><a href=\"https:\/\/higueron-aura.com\/\" target=\"_blank\" rel=\"noopener\"><strong>Higuer\u00f3n Aura &gt;&gt;&gt;<\/strong><\/a><\/li>\n<li><a href=\"https:\/\/villas-higueron.com\/\" target=\"_blank\" rel=\"noopener\"><strong>Vily Higuer\u00f3n &gt;&gt;&gt;<\/strong><\/a><\/li>\n<\/ul>\n\n\t\t<\/div>\n\t<\/div>\n\n\t\t<\/div>\n\t<\/div>\n\t<\/div>\n\n<\/div>\n<\/div>","protected":false},"excerpt":{"rendered":"<p>&#8230; <a class=\"more-link\" href=\"https:\/\/higueronvalley.com\/cs\/komplex\/\">pokra\u010dovat ve \u010dten\u00ed<\/a><\/p>","protected":false},"author":1,"featured_media":0,"parent":0,"menu_order":0,"comment_status":"closed","ping_status":"closed","template":"","meta":{"footnotes":""},"class_list":["post-26","page","type-page","status-publish","hentry"],"_links":{"self":[{"href":"https:\/\/higueronvalley.com\/cs\/wp-json\/wp\/v2\/pages\/26","targetHints":{"allow":["GET"]}}],"collection":[{"href":"https:\/\/higueronvalley.com\/cs\/wp-json\/wp\/v2\/pages"}],"about":[{"href":"https:\/\/higueronvalley.com\/cs\/wp-json\/wp\/v2\/types\/page"}],"author":[{"embeddable":true,"href":"https:\/\/higueronvalley.com\/cs\/wp-json\/wp\/v2\/users\/1"}],"replies":[{"embeddable":true,"href":"https:\/\/higueronvalley.com\/cs\/wp-json\/wp\/v2\/comments?post=26"}],"version-history":[{"count":34,"href":"https:\/\/higueronvalley.com\/cs\/wp-json\/wp\/v2\/pages\/26\/revisions"}],"predecessor-version":[{"id":3355,"href":"https:\/\/higueronvalley.com\/cs\/wp-json\/wp\/v2\/pages\/26\/revisions\/3355"}],"wp:attachment":[{"href":"https:\/\/higueronvalley.com\/cs\/wp-json\/wp\/v2\/media?parent=26"}],"curies":[{"name":"wp","href":"https:\/\/api.w.org\/{rel}","templated":true}]}}